{"id":32,"date":"2022-12-15T08:47:51","date_gmt":"2022-12-15T08:47:51","guid":{"rendered":"https:\/\/tvornicaleda.hr\/pocetna\/"},"modified":"2026-01-04T18:16:38","modified_gmt":"2026-01-04T18:16:38","slug":"pocetna","status":"publish","type":"page","link":"https:\/\/tvornicaleda.hr\/en\/","title":{"rendered":"Po\u010detna"},"content":{"rendered":"<section class=\"u-clearfix u-image u-shading u-section-2\" id=\"sec-094e\" data-image-width=\"4032\" data-image-height=\"3024\" style=\"background-image: linear-gradient(0deg, rgba(0, 0, 0, 0.25), rgba(0, 0, 0, 0.25)), url(&quot;https:\/\/tvornicaleda.hr\/wp-content\/uploads\/2022\/12\/KopijadatotekeIMG_5292.jpg&quot;);\">\n      <div class=\"u-clearfix u-sheet u-sheet-1\">\n        <h1 class=\"u-align-center u-custom-font u-text u-text-default-lg u-text-default-xl u-text-font u-text-1\" data-animation-name=\"pulse\" data-animation-duration=\"1000\" data-animation-direction=\"\" data-lang-en=\"Proizvodnja vrhunskog leda za sve prigode - od ku\u0107nih tuluma do velikih partya\">Top-quality ice manufacturing for all occasions - from house parties to major events<\/h1>\n        <a href=\"#sec-bbe7\" class=\"u-border-2 u-border-white u-btn u-button-style u-hover-custom-color-2 u-none u-text-hover-white u-text-white u-btn-1\" data-lang-en=\"{&quot;content&quot;:&quot;KONTAKT&quot;,&quot;href&quot;:&quot;#sec-fe7b&quot;}\">CONTACT<\/a>\n      <\/div>\n    <\/section>\n    <section class=\"u-align-center u-clearfix u-section-3\" id=\"sec-a9fb\">\n      <div class=\"u-clearfix u-sheet u-sheet-1\">\n        <div class=\"u-expanded-width u-list u-list-1\">\n          <div class=\"u-repeater u-repeater-1\">\n            <div class=\"u-align-center u-container-style u-custom-item u-list-item u-repeater-item\">\n              <div class=\"u-container-layout u-similar-container u-container-layout-1\"><span class=\"u-file-icon u-icon u-text-custom-color-2 u-icon-1\"><img decoding=\"async\" src=\"https:\/\/tvornicaleda.hr\/wp-content\/uploads\/2022\/12\/60149e13.png\" alt=\"\"><\/span>\n                <h2 class=\"u-custom-font u-subtitle u-text u-text-font u-text-1\" data-lang-en=\"USLUGE\">SERVICES<\/h2>\n                <p class=\"u-text u-text-2\" data-lang-en=\"Proizvodnja&amp;nbsp;leda&amp;nbsp;&lt;br&gt;Dostava na \u017eeljenu lokaciju&lt;br&gt;Suradnja na eventima                \" data-animation-out=\"1\">Ice manufacturing&nbsp;<br>Delivery to desired location<br>Cooperation at events<br>Distribution and Servicing of Ice machines\n                <\/p>\n              <\/div>\n            <\/div>\n            <div class=\"u-align-center u-container-style u-custom-item u-list-item u-repeater-item\">\n              <div class=\"u-container-layout u-similar-container u-container-layout-2\"><span class=\"u-file-icon u-icon u-text-custom-color-2 u-icon-2\"><img decoding=\"async\" src=\"https:\/\/tvornicaleda.hr\/wp-content\/uploads\/2022\/12\/8a66267d.png\" alt=\"\"><\/span>\n                <h2 class=\"u-custom-font u-subtitle u-text u-text-font u-text-3\" data-lang-en=\"KONTAKT\">CONTACT<\/h2>\n                <p class=\"u-text u-text-4\" data-lang-en=\" Tvornica leda d.o.o.&lt;br&gt;Retkovec I 2a&lt;br&gt;10040 Zagreb&lt;br&gt;                  &lt;a href=&quot;tel:+ 385915318865&quot; class=&quot;u-active-none u-border-none u-btn u-button-link u-button-style u-hover-none u-none u-text-black u-btn-1&quot; style=&quot;background-image: none; padding-top: 0; padding-bottom: 0; padding-left: 0; padding-right: 0&quot;&gt;+ 385 91 531 8865&lt;\/a&gt;                \" data-animation-out=\"1\"> Tvornica leda d.o.o.<br>Retkovec I 2a<br>10040 Zagreb<br>\n                  <a href=\"tel:+ 385915318865\" class=\"u-active-none u-border-none u-btn u-button-link u-button-style u-hover-none u-none u-text-black u-btn-1\" data-lang-en=\"{&quot;content&quot;:&quot;+ 385 91 531 8865&quot;,&quot;href&quot;:&quot;tel:+ 385915318865&quot;}\">+ 385 91 531 8865<\/a>\n                <\/p>\n              <\/div>\n            <\/div>\n            <div class=\"u-align-center u-container-style u-custom-item u-list-item u-repeater-item\">\n              <div class=\"u-container-layout u-similar-container u-container-layout-3\"><span class=\"u-file-icon u-icon u-text-custom-color-2 u-icon-3\"><img decoding=\"async\" src=\"https:\/\/tvornicaleda.hr\/wp-content\/uploads\/2022\/12\/722068bb.png\" alt=\"\"><\/span>\n                <h2 class=\"u-custom-font u-subtitle u-text u-text-font u-text-5\" data-lang-en=\"PRODAJNA MJESTA\">RETAIL<\/h2>\n                <p class=\"u-text u-text-6\" data-lang-en=\" Vrutak d.o.o.&amp;nbsp;&lt;br&gt;Antunovi\u0107 benzinske postaje Metro Cash &amp;amp; Carry&lt;br&gt;                \" data-animation-out=\"1\"> Vrutak d.o.o.&nbsp;<br>AGS petrol stations&nbsp;<br>Metro Cash &amp; Carry<br>\n                <\/p>\n              <\/div>\n            <\/div>\n          <\/div>\n        <\/div>\n      <\/div>\n    <\/section>\n    <section class=\"u-align-left u-clearfix u-white u-section-4\" id=\"sec-37b2\">\n      <div class=\"u-clearfix u-sheet u-sheet-1\">\n        <div class=\"u-clearfix u-expanded-width u-layout-wrap u-layout-wrap-1\">\n          <div class=\"u-layout\" style=\"\">\n            <div class=\"u-layout-row\" style=\"\">\n              <div class=\"u-container-style u-layout-cell u-size-30 u-white u-layout-cell-1\">\n                <div class=\"u-container-layout u-valign-top-xs u-container-layout-1\">\n                  <h1 class=\"u-custom-font u-text u-text-default u-text-font u-text-1\" data-lang-en=\"O nama\">Our products<\/h1>\n                  <p class=\"u-text u-text-2\"> Our offer includes standard ice cubes and crushed ice as well as handmade premium ice products in various shapes and specialty products such as dry ice pellets. We can engrave the ice with your company logo or freeze fruit, edible gold or other decorations in it. For special occasions we can make various other unique ice products.<br>\n                  <\/p>\n                  <a href=\"https:\/\/tvornicaleda.hr\/en\/proizvodi2\/\" class=\"u-border-2 u-border-black u-btn u-button-style u-hover-custom-color-2 u-none u-text-black u-text-hover-white u-btn-1\" data-lang-en=\"{&quot;content&quot;:&quot;SVI PROIZVODI&quot;,&quot;href&quot;:&quot;#&quot;}\">ALL PRODUCTS<\/a>\n                <\/div>\n              <\/div>\n              <div class=\"u-align-center u-container-style u-layout-cell u-size-30 u-layout-cell-2\">\n                <div class=\"u-container-layout u-valign-middle u-container-layout-2\">\n                  <img decoding=\"async\" class=\"u-expanded-width-md u-expanded-width-sm u-expanded-width-xs u-image u-image-default u-image-1\" src=\"https:\/\/tvornicaleda.hr\/wp-content\/uploads\/2023\/01\/Screenshot_108.png\" alt=\"\" data-image-width=\"620\" data-image-height=\"936\">\n                <\/div>\n              <\/div>\n            <\/div>\n          <\/div>\n        <\/div>\n      <\/div>\n    <\/section>\n    <section class=\"u-align-center u-clearfix u-custom-color-4 u-section-5\" id=\"sec-a40d\">\n      <div class=\"u-clearfix u-sheet u-sheet-1\">\n        <h1 class=\"u-custom-font u-text u-text-default-lg u-text-default-md u-text-default-sm u-text-default-xl u-text-font u-text-1\" data-lang-en=\"Naru\u010dite u aplikacijama za dostavu\">Order through delivery apps<\/h1>\n        <p class=\"u-text u-text-2\" data-lang-en=\"Na\u0161e proizvode u Zagrebu mo\u017eete naru\u010diti u svim najpopularnijim aplikacijama za dostavu hrane. Odaberite svoju omiljenu aplikaciju i naru\u010dite svoj omiljeni led.\">You can order our products in Zagreb from popular delivery services.<br>Choose your favorite app and order your favorite ice.\n        <\/p>\n        <img decoding=\"async\" class=\"u-image u-image-contain u-image-default u-preserve-proportions u-image-1\" src=\"https:\/\/tvornicaleda.hr\/wp-content\/uploads\/2022\/12\/6-Edited.png\" alt=\"\" data-image-width=\"227\" data-image-height=\"80\" data-href=\"https:\/\/glovoapp.com\/hr\/hr\/zagreb\/glovo-express\/\" data-target=\"_blank\">\n        <img decoding=\"async\" class=\"u-image u-image-contain u-image-default u-preserve-proportions u-image-2\" src=\"https:\/\/tvornicaleda.hr\/wp-content\/uploads\/2022\/12\/wolt_logo.png\" alt=\"\" data-image-width=\"1500\" data-image-height=\"556\" data-href=\"https:\/\/wolt.com\/hr\/hrv\/zagreb\/venue\/wolt-market-radnika\" data-target=\"_blank\">\n      <\/div>\n    <\/section>\n    <section class=\"u-clearfix u-grey-5 u-valign-middle-xs u-section-6\" id=\"sec-bbe7\">\n      <div class=\"u-clearfix u-expanded-width u-layout-wrap u-layout-wrap-1\">\n        <div class=\"u-layout\">\n          <div class=\"u-layout-row\">\n            <div class=\"u-align-left-lg u-align-left-md u-align-left-sm u-align-left-xl u-container-style u-custom-color-2 u-layout-cell u-left-cell u-size-30 u-layout-cell-1\">\n              <div class=\"u-container-layout u-valign-middle-xs u-container-layout-1\">\n                <h1 class=\"u-custom-font u-text u-text-font u-text-1\" data-lang-en=\"Kontakt info\">Contact<\/h1>\n                <p class=\"u-text u-text-2\" data-lang-en=\"&lt;span style=&quot;font-weight: 700;&quot;&gt;\u200bTelefonski broj:&lt;\/span&gt;&amp;nbsp;&lt;a href=&quot;tel:+385915318865&quot; class=&quot;u-active-none u-border-none u-btn u-button-link u-button-style u-hover-none u-none u-text-white u-btn-1&quot; style=&quot;background-image: none; padding-top: 0; padding-bottom: 0; padding-left: 0; padding-right: 0&quot;&gt;+ 385 91 531 8865&lt;\/a&gt;\">\n                  <span style=\"font-weight: 700;\"> Phone number:<\/span>&nbsp;<a href=\"tel:+385915318865\" class=\"u-active-none u-border-none u-btn u-button-link u-button-style u-hover-none u-none u-text-white u-btn-1\" data-lang-en=\"{&quot;content&quot;:&quot;+ 385 91 531 8865&quot;,&quot;href&quot;:&quot;tel:+385915318865&quot;}\">+ 385 91 531 8865<\/a>\n                <\/p>\n                <p class=\"u-text u-text-3\" data-lang-en=\"&lt;b&gt;E-mail: &lt;span style=&quot;font-weight: 400;&quot;&gt;&lt;a href=&quot;mailto:info@tvornicaleda.hr&quot; class=&quot;u-active-none u-border-none u-btn u-button-link u-button-style u-hover-none u-none u-text-white u-btn-2&quot; style=&quot;background-image: none; padding-top: 0; padding-bottom: 0; padding-left: 0; padding-right: 0&quot;&gt;info@tvornicaleda.hr&lt;\/a&gt;&lt;\/span&gt;&lt;\/b&gt;\"><b>E-mail: <span style=\"font-weight: 400;\">\n                      <a href=\"mailto:info@tvornicaleda.hr\" class=\"u-active-none u-border-none u-btn u-button-link u-button-style u-hover-none u-none u-text-white u-btn-2\" data-lang-en=\"{&quot;content&quot;:&quot;info@tvornicaleda.hr&quot;,&quot;href&quot;:&quot;mailto:info@tvornicaleda.hr&quot;}\">info@tvornicaleda.hr<\/a>\n                    <\/span><\/b>\n                <\/p>\n                <p class=\"u-text u-text-4\" data-lang-en=\"&lt;span style=&quot;font-weight: 700;&quot;&gt;Adresa:&lt;\/span&gt; Retkovec I 2a, 10040 Zagreb\">\n                  <span style=\"font-weight: 700;\">Address:<\/span> Retkovec I 2a, 10040 Zagreb\n                <\/p>\n                <div class=\"u-social-icons u-spacing-10 u-social-icons-1\">\n                  <a class=\"u-social-url\" title=\"facebook\" target=\"_blank\" href=\"https:\/\/hr-hr.facebook.com\/tvornicaleda\/\"><span class=\"u-icon u-social-facebook u-social-icon u-text-white u-icon-1\"><svg class=\"u-svg-link\" preserveaspectratio=\"xMidYMin slice\" viewbox=\"0 0 112 112\" style=\"\"><use xmlns:xlink=\"http:\/\/www.w3.org\/1999\/xlink\" xlink:href=\"#svg-f761\"><\/use><\/svg><svg class=\"u-svg-content\" viewbox=\"0 0 112 112\" x=\"0\" y=\"0\" id=\"svg-f761\"><path fill=\"currentColor\" d=\"M75.5,28.8H65.4c-1.5,0-4,0.9-4,4.3v9.4h13.9l-1.5,15.8H61.4v45.1H42.8V58.3h-8.8V42.4h8.8V32.2c0-7.4,3.4-18.8,18.8-18.8h13.8v15.4H75.5z\"><\/path><\/svg><\/span>\n                  <\/a>\n                  <a class=\"u-social-url\" title=\"instagram\" target=\"_blank\" href=\"https:\/\/www.instagram.com\/tvornicaleda\/?hl=hr\"><span class=\"u-icon u-social-icon u-social-instagram u-text-white u-icon-2\"><svg class=\"u-svg-link\" preserveaspectratio=\"xMidYMin slice\" viewbox=\"0 0 112 112\" style=\"\"><use xmlns:xlink=\"http:\/\/www.w3.org\/1999\/xlink\" xlink:href=\"#svg-59ee\"><\/use><\/svg><svg class=\"u-svg-content\" viewbox=\"0 0 112 112\" x=\"0\" y=\"0\" id=\"svg-59ee\"><path fill=\"currentColor\" d=\"M55.9,32.9c-12.8,0-23.2,10.4-23.2,23.2s10.4,23.2,23.2,23.2s23.2-10.4,23.2-23.2S68.7,32.9,55.9,32.9z\t M55.9,69.4c-7.4,0-13.3-6-13.3-13.3c-0.1-7.4,6-13.3,13.3-13.3s13.3,6,13.3,13.3C69.3,63.5,63.3,69.4,55.9,69.4z\"><\/path><path fill=\"#FFFFFF\" d=\"M79.7,26.8c-3,0-5.4,2.5-5.4,5.4s2.5,5.4,5.4,5.4c3,0,5.4-2.5,5.4-5.4S82.7,26.8,79.7,26.8z\"><\/path><path fill=\"currentColor\" d=\"M78.2,11H33.5C21,11,10.8,21.3,10.8,33.7v44.7c0,12.6,10.2,22.8,22.7,22.8h44.7c12.6,0,22.7-10.2,22.7-22.7\tV33.7C100.8,21.1,90.6,11,78.2,11z M91,78.4c0,7.1-5.8,12.8-12.8,12.8H33.5c-7.1,0-12.8-5.8-12.8-12.8V33.7\tc0-7.1,5.8-12.8,12.8-12.8h44.7c7.1,0,12.8,5.8,12.8,12.8V78.4z\"><\/path><\/svg><\/span>\n                  <\/a>\n                <\/div>\n              <\/div>\n            <\/div>\n            <div class=\"u-container-style u-layout-cell u-right-cell u-size-30 u-layout-cell-2\">\n              <div class=\"u-container-layout u-container-layout-2\">\n                <div class=\"u-expanded u-grey-10 u-map\">\n                  <div class=\"embed-responsive\">\n                    <iframe class=\"embed-responsive-item\" src=\"\/\/maps.google.com\/maps?output=embed&amp;q=I%20Retkovec%202a%2C%20Zagreb&amp;t=m\" data-map=\"JTdCJTIyYWRkcmVzcyUyMiUzQSUyMkklMjBSZXRrb3ZlYyUyMDJhJTJDJTIwWmFncmViJTIyJTJDJTIyem9vbSUyMiUzQW51bGwlMkMlMjJ0eXBlSWQlMjIlM0ElMjJyb2FkJTIyJTJDJTIybGFuZyUyMiUzQW51bGwlMkMlMjJhcGlLZXklMjIlM0FudWxsJTJDJTIybWFya2VycyUyMiUzQSU1QiU1RCU3RA==\"><\/iframe>\n                  <\/div>\n                <\/div>\n              <\/div>\n            <\/div>\n          <\/div>\n        <\/div>\n      <\/div>\n    <\/section>\n    <section class=\"u-clearfix u-section-7\" id=\"sec-babc\">\n      <div class=\"u-clearfix u-sheet u-valign-middle u-sheet-1\">\n        <div class=\"u-clearfix u-expanded-width u-layout-wrap u-layout-wrap-1\">\n          <div class=\"u-layout\">\n            <div class=\"u-layout-row\">\n              <div class=\"u-container-style u-layout-cell u-size-30 u-layout-cell-1\">\n                <div class=\"u-container-layout u-valign-middle-lg u-valign-middle-md u-valign-middle-sm u-valign-middle-xs u-container-layout-1\">\n                  <img decoding=\"async\" class=\"u-expanded-width-lg u-expanded-width-md u-expanded-width-sm u-expanded-width-xs u-image u-image-contain u-image-default u-image-1\" src=\"https:\/\/tvornicaleda.hr\/wp-content\/uploads\/2023\/12\/Screenshot_228.png\" alt=\"\" data-image-width=\"1068\" data-image-height=\"467\">\n                <\/div>\n              <\/div>\n              <div class=\"u-container-style u-layout-cell u-size-30 u-layout-cell-2\">\n                <div class=\"u-container-layout u-valign-middle-lg u-valign-middle-md u-valign-middle-sm u-valign-middle-xl u-container-layout-2\">\n                  <img decoding=\"async\" class=\"u-image u-image-contain u-image-default u-image-2\" src=\"https:\/\/tvornicaleda.hr\/wp-content\/uploads\/2023\/12\/Screenshot_229.png\" alt=\"\" data-image-width=\"559\" data-image-height=\"410\">\n                <\/div>\n              <\/div>\n            <\/div>\n          <\/div>\n        <\/div>\n      <\/div>\n    <\/section>","protected":false},"excerpt":{"rendered":"<p>Proizvodnja vrhunskog leda za sve prigode &#8211; od ku\u0107nih tuluma do velikih partya KONTAKT USLUGE Proizvodnja&nbsp;leda&nbsp;Dostava na \u017eeljenu lokacijuSuradnja na eventimaProdaja i servis ledomata KONTAKT Tvornica leda d.o.o.Retkovec I 2a10040 Zagreb + 385 91 531 8865 PRODAJNA MJESTA Vrutak d.o.o.&nbsp;AGS benzinske postaje&nbsp;Metro Cash &amp; Carry Na\u0161i proizvodi Na\u0161a ponuda uklju\u010duje standardne kockice leda i drobljeni &hellip; <a href=\"https:\/\/tvornicaleda.hr\/en\/\" class=\"more-link\">Continue reading<span class=\"screen-reader-text\"> &#8220;Po\u010detna&#8221;<\/span><\/a><\/p>","protected":false},"author":1,"featured_media":0,"parent":0,"menu_order":2,"comment_status":"closed","ping_status":"closed","template":"elementor_theme","meta":{"footnotes":""},"class_list":["post-32","page","type-page","status-publish","hentry"],"yoast_head":"<!-- This site is optimized with the Yoast SEO plugin v20.2 - https:\/\/yoast.com\/wordpress\/plugins\/seo\/ -->\n<title>Po\u010detna - Tvornica leda<\/title>\n<meta name=\"description\" content=\"Proizvodnja vrhunskog leda za sve prigode - od ku\u0107nih tuluma do velikih party-a. Naru\u010dite svoj omiljeni led i putem aplikacija.\" \/>\n<meta name=\"robots\" content=\"index, follow, max-snippet:-1, max-image-preview:large, max-video-preview:-1\" \/>\n<link rel=\"canonical\" href=\"https:\/\/tvornicaleda.hr\/en\/\" \/>\n<meta property=\"og:locale\" content=\"en_US\" \/>\n<meta property=\"og:type\" content=\"article\" \/>\n<meta property=\"og:title\" content=\"Po\u010detna - Tvornica leda\" \/>\n<meta property=\"og:description\" content=\"Proizvodnja vrhunskog leda za sve prigode - od ku\u0107nih tuluma do velikih party-a. Naru\u010dite svoj omiljeni led i putem aplikacija.\" \/>\n<meta property=\"og:url\" content=\"https:\/\/tvornicaleda.hr\/en\/\" \/>\n<meta property=\"og:site_name\" content=\"Tvornica leda\" \/>\n<meta property=\"article:modified_time\" content=\"2026-01-04T18:16:38+00:00\" \/>\n<meta name=\"twitter:card\" content=\"summary_large_image\" \/>\n<meta name=\"twitter:label1\" content=\"Est. reading time\" \/>\n\t<meta name=\"twitter:data1\" content=\"1 minute\" \/>\n<script type=\"application\/ld+json\" class=\"yoast-schema-graph\">{\"@context\":\"https:\/\/schema.org\",\"@graph\":[{\"@type\":\"WebPage\",\"@id\":\"https:\/\/tvornicaleda.hr\/\",\"url\":\"https:\/\/tvornicaleda.hr\/\",\"name\":\"Po\u010detna - Tvornica leda\",\"isPartOf\":{\"@id\":\"https:\/\/tvornicaleda.hr\/#website\"},\"datePublished\":\"2022-12-15T08:47:51+00:00\",\"dateModified\":\"2026-01-04T18:16:38+00:00\",\"description\":\"Proizvodnja vrhunskog leda za sve prigode - od ku\u0107nih tuluma do velikih party-a. Naru\u010dite svoj omiljeni led i putem aplikacija.\",\"breadcrumb\":{\"@id\":\"https:\/\/tvornicaleda.hr\/#breadcrumb\"},\"inLanguage\":\"en-US\",\"potentialAction\":[{\"@type\":\"ReadAction\",\"target\":[\"https:\/\/tvornicaleda.hr\/\"]}]},{\"@type\":\"BreadcrumbList\",\"@id\":\"https:\/\/tvornicaleda.hr\/#breadcrumb\",\"itemListElement\":[{\"@type\":\"ListItem\",\"position\":1,\"name\":\"Home\",\"item\":\"https:\/\/tvornicaleda.hr\/\"},{\"@type\":\"ListItem\",\"position\":2,\"name\":\"Po\u010detna\"}]},{\"@type\":\"WebSite\",\"@id\":\"https:\/\/tvornicaleda.hr\/#website\",\"url\":\"https:\/\/tvornicaleda.hr\/\",\"name\":\"Tvornica leda\",\"description\":\"Od ku\u0107nih tulma do velikih partya\",\"potentialAction\":[{\"@type\":\"SearchAction\",\"target\":{\"@type\":\"EntryPoint\",\"urlTemplate\":\"https:\/\/tvornicaleda.hr\/?s={search_term_string}\"},\"query-input\":\"required name=search_term_string\"}],\"inLanguage\":\"en-US\"}]}<\/script>\n<!-- \/ Yoast SEO plugin. -->","yoast_head_json":{"title":"Po\u010detna - Tvornica leda","description":"Proizvodnja vrhunskog leda za sve prigode - od ku\u0107nih tuluma do velikih party-a. Naru\u010dite svoj omiljeni led i putem aplikacija.","robots":{"index":"index","follow":"follow","max-snippet":"max-snippet:-1","max-image-preview":"max-image-preview:large","max-video-preview":"max-video-preview:-1"},"canonical":"https:\/\/tvornicaleda.hr\/en\/","og_locale":"en_US","og_type":"article","og_title":"Po\u010detna - Tvornica leda","og_description":"Proizvodnja vrhunskog leda za sve prigode - od ku\u0107nih tuluma do velikih party-a. Naru\u010dite svoj omiljeni led i putem aplikacija.","og_url":"https:\/\/tvornicaleda.hr\/en\/","og_site_name":"Tvornica leda","article_modified_time":"2026-01-04T18:16:38+00:00","twitter_card":"summary_large_image","twitter_misc":{"Est. reading time":"1 minute"},"schema":{"@context":"https:\/\/schema.org","@graph":[{"@type":"WebPage","@id":"https:\/\/tvornicaleda.hr\/","url":"https:\/\/tvornicaleda.hr\/","name":"Po\u010detna - Tvornica leda","isPartOf":{"@id":"https:\/\/tvornicaleda.hr\/#website"},"datePublished":"2022-12-15T08:47:51+00:00","dateModified":"2026-01-04T18:16:38+00:00","description":"Proizvodnja vrhunskog leda za sve prigode - od ku\u0107nih tuluma do velikih party-a. Naru\u010dite svoj omiljeni led i putem aplikacija.","breadcrumb":{"@id":"https:\/\/tvornicaleda.hr\/#breadcrumb"},"inLanguage":"en-US","potentialAction":[{"@type":"ReadAction","target":["https:\/\/tvornicaleda.hr\/"]}]},{"@type":"BreadcrumbList","@id":"https:\/\/tvornicaleda.hr\/#breadcrumb","itemListElement":[{"@type":"ListItem","position":1,"name":"Home","item":"https:\/\/tvornicaleda.hr\/"},{"@type":"ListItem","position":2,"name":"Po\u010detna"}]},{"@type":"WebSite","@id":"https:\/\/tvornicaleda.hr\/#website","url":"https:\/\/tvornicaleda.hr\/","name":"Tvornica leda","description":"Od ku\u0107nih tulma do velikih partya","potentialAction":[{"@type":"SearchAction","target":{"@type":"EntryPoint","urlTemplate":"https:\/\/tvornicaleda.hr\/?s={search_term_string}"},"query-input":"required name=search_term_string"}],"inLanguage":"en-US"}]}},"_links":{"self":[{"href":"https:\/\/tvornicaleda.hr\/en\/wp-json\/wp\/v2\/pages\/32","targetHints":{"allow":["GET"]}}],"collection":[{"href":"https:\/\/tvornicaleda.hr\/en\/wp-json\/wp\/v2\/pages"}],"about":[{"href":"https:\/\/tvornicaleda.hr\/en\/wp-json\/wp\/v2\/types\/page"}],"author":[{"embeddable":true,"href":"https:\/\/tvornicaleda.hr\/en\/wp-json\/wp\/v2\/users\/1"}],"replies":[{"embeddable":true,"href":"https:\/\/tvornicaleda.hr\/en\/wp-json\/wp\/v2\/comments?post=32"}],"version-history":[{"count":17,"href":"https:\/\/tvornicaleda.hr\/en\/wp-json\/wp\/v2\/pages\/32\/revisions"}],"predecessor-version":[{"id":622,"href":"https:\/\/tvornicaleda.hr\/en\/wp-json\/wp\/v2\/pages\/32\/revisions\/622"}],"wp:attachment":[{"href":"https:\/\/tvornicaleda.hr\/en\/wp-json\/wp\/v2\/media?parent=32"}],"curies":[{"name":"wp","href":"https:\/\/api.w.org\/{rel}","templated":true}]}}